{"id":66,"date":"2014-09-14T22:43:06","date_gmt":"2014-09-14T19:43:06","guid":{"rendered":"http:\/\/localhost\/wordpress\/?page_id=66"},"modified":"2026-03-11T10:28:50","modified_gmt":"2026-03-11T07:28:50","slug":"index","status":"publish","type":"page","link":"http:\/\/www.dekateknik.com\/","title":{"rendered":"Index"},"content":{"rendered":"<div class=\"grid_12\">\n<dl class=\"address\">\n<dt>Cumhuriyet Mah. G\u00fcm\u00fc\u015f Sk. 5\/24<br \/>\n\u00c7ay\u0131rova \u2013 Kocaeli<\/dt>\n<dd style=\"width: auto;\">\n<ul>\n<li>GSM(1):0533 658 24 01<\/li>\n<li>GSM(2):0532 572 12 61<\/li>\n<li>E-mail: <a href=\"mailto:deka@dekateknik.com\">deka@dekateknik.com<\/a><\/li>\n<\/ul>\n<\/dd>\n<\/dl>\n<h5><strong><em>&#8220;\u0130\u015fbu internet sitesi \u00fczerinden verilen bilgiler, sadece bilgilendirme amac\u0131yla sunulmakta olup, herhangi bir \u00f6neri, reklam veya yol g\u00f6sterme amac\u0131 bulundurmamaktad\u0131r. Deka Teknik Mekanik Ve Elektronik Sistemleri Taahh\u00fct Ticaret Ve Sanayi Limited \u015eirketi yap\u0131lan bilgilendirmelere ve g\u00f6r\u00fcnt\u00fclemelere ili\u015fkin olarak hi\u00e7bir taahh\u00fctte bulunmamaktad\u0131r.&nbsp; Site i\u00e7eri\u011finde yer alan ve fikri m\u00fclkiyete haiz t\u00fcm yaz\u0131l\u0131 ve g\u00f6rsel bilgilere ili\u015fkin haklar <a href=\"https:\/\/www.dekateknik.com\/\">https:\/\/www.dekateknik.com\/<\/a> sitesine ait olup, kopyalanmas\u0131 ya da izinsiz kullan\u0131lmas\u0131 yasakt\u0131r. Deka Teknik Mekanik Ve Elektronik Sistemleri Taahh\u00fct Ticaret Ve Sanayi Limited \u015eirketi\u2019nin t\u00fcm yasal haklar\u0131 sakl\u0131d\u0131r. Deka Teknik Mekanik Ve Elektronik Sistemleri Taahh\u00fct Ticaret Ve Sanayi Limited \u015eirketi internet sitesinde sunulan hi\u00e7bir isim, t\u00fcr, marka ve bilginin i\u00e7eri\u011fi, g\u00fcncelli\u011fi ya da do\u011frulu\u011fu konusunda kesin bir garanti verilmemekle birlikte, ziyaret\u00e7ilerin bu internet sitesinde yer alan bilgilere dayanarak ger\u00e7ekle\u015ftirecekleri hi\u00e7bir eylemden ve hukuki ili\u015fkiden \u00f6t\u00fcr\u00fc sorumlulu\u011fu bulunmamaktad\u0131r. \u0130\u015fbu, internet sitesini g\u00f6r\u00fcnt\u00fcleyen ki\u015filerin yukar\u0131da belirtilen yasal uyar\u0131y\u0131 okuduklar\u0131, anlad\u0131klar\u0131 ve r\u0131za g\u00f6sterdikleri anla\u015f\u0131lmakla birlikte;&nbsp;Deka Teknik Mekanik Ve Elektronik Sistemleri Taahh\u00fct Ticaret Ve Sanayi Limited \u015eirketi &#8216;nin i\u015fbu internet sitesi dahilinde fiili , hukuki ve cezai anlamda sorumlulu\u011funun bulunmad\u0131\u011f\u0131 hususu kesin olmak kayd\u0131yla kabul ettikleri kabul edilmektedir.&nbsp;&#8220;<\/em><\/strong><\/h5>\n<\/div>\n","protected":false},"excerpt":{"rendered":"<p>Cumhuriyet Mah. G\u00fcm\u00fc\u015f Sk. 5\/24 \u00c7ay\u0131rova \u2013 Kocaeli GSM(1):0533 658 24 01 GSM(2):0532 572 12 61 E-mail: deka@dekateknik.com &#8220;\u0130\u015fbu internet sitesi \u00fczerinden verilen bilgiler, sadece bilgilendirme amac\u0131yla sunulmakta olup, herhangi bir \u00f6neri, reklam veya yol g\u00f6sterme amac\u0131 bulundurmamaktad\u0131r. Deka Teknik Mekanik Ve Elektronik Sistemleri Taahh\u00fct Ticaret Ve Sanayi Limited \u015eirketi yap\u0131lan bilgilendirmelere ve g\u00f6r\u00fcnt\u00fclemelere ili\u015fkin olarak hi\u00e7bir taahh\u00fctte bulunmamaktad\u0131r.&nbsp; Site i\u00e7eri\u011finde yer alan ve fikri m\u00fclkiyete haiz t\u00fcm yaz\u0131l\u0131 ve g\u00f6rsel bilgilere ili\u015fkin haklar https:\/\/www.dekateknik.com\/ sitesine ait olup, kopyalanmas\u0131 ya da izinsiz kullan\u0131lmas\u0131 yasakt\u0131r. Deka Teknik Mekanik Ve Elektronik Sistemleri Taahh\u00fct Ticaret Ve Sanayi Limited \u015eirketi\u2019nin t\u00fcm yasal haklar\u0131 sakl\u0131d\u0131r. Deka Teknik Mekanik Ve Elektronik Sistemleri Taahh\u00fct Ticaret Ve Sanayi Limited \u015eirketi internet sitesinde sunulan hi\u00e7bir isim, t\u00fcr, marka ve bilginin i\u00e7eri\u011fi, g\u00fcncelli\u011fi ya da do\u011frulu\u011fu konusunda kesin bir garanti verilmemekle birlikte, ziyaret\u00e7ilerin bu internet sitesinde yer alan bilgilere dayanarak&nbsp;<a href=\"http:\/\/www.dekateknik.com\/\" class=\"read-more\">Continue Reading<\/a><\/p>\n","protected":false},"author":1,"featured_media":0,"parent":0,"menu_order":0,"comment_status":"open","ping_status":"open","template":"page-fullwidth.php","meta":[],"_links":{"self":[{"href":"http:\/\/www.dekateknik.com\/index.php?rest_route=\/wp\/v2\/pages\/66"}],"collection":[{"href":"http:\/\/www.dekateknik.com\/index.php?rest_route=\/wp\/v2\/pages"}],"about":[{"href":"http:\/\/www.dekateknik.com\/index.php?rest_route=\/wp\/v2\/types\/page"}],"author":[{"embeddable":true,"href":"http:\/\/www.dekateknik.com\/index.php?rest_route=\/wp\/v2\/users\/1"}],"replies":[{"embeddable":true,"href":"http:\/\/www.dekateknik.com\/index.php?rest_route=%2Fwp%2Fv2%2Fcomments&post=66"}],"version-history":[{"count":13,"href":"http:\/\/www.dekateknik.com\/index.php?rest_route=\/wp\/v2\/pages\/66\/revisions"}],"predecessor-version":[{"id":338,"href":"http:\/\/www.dekateknik.com\/index.php?rest_route=\/wp\/v2\/pages\/66\/revisions\/338"}],"wp:attachment":[{"href":"http:\/\/www.dekateknik.com\/index.php?rest_route=%2Fwp%2Fv2%2Fmedia&parent=66"}],"curies":[{"name":"wp","href":"https:\/\/api.w.org\/{rel}","templated":true}]}}