{"id":55,"date":"2014-09-13T13:49:14","date_gmt":"2014-09-13T10:49:14","guid":{"rendered":"http:\/\/localhost\/wordpress\/?page_id=55"},"modified":"2026-03-10T19:34:46","modified_gmt":"2026-03-10T16:34:46","slug":"referanslar-2","status":"publish","type":"page","link":"http:\/\/www.dekateknik.com\/?page_id=55","title":{"rendered":"Referanslar"},"content":{"rendered":"<div class=\"grid_12\">\n<h2>Baz\u0131 Referanslar\u0131m\u0131z<\/h2>\n<table class=\"referans-table\">\n<tbody>\n<tr>\n<th>Mercedes-Benz T\u00fcrk A.\u015e.<\/th>\n<td>Ho\u015fdere \/ \u0130stanbul<\/td>\n<\/tr>\n<tr>\n<th>D\u00fcrr AG \/ Mercedes-Benz T\u00fcrk A.\u015e.<\/th>\n<td>Ho\u015fdere \/ \u0130stanbul<\/td>\n<\/tr>\n<tr>\n<th>Mercedes-Benz T\u00fcrk A.\u015e.<\/th>\n<td>Aksaray<\/td>\n<\/tr>\n<tr>\n<th>D\u00fcrr AG \/ Mercedes-Benz T\u00fcrk A.\u015e.<\/th>\n<td>Aksaray<\/td>\n<\/tr>\n<tr>\n<th>Sturm Gruppe \/ Mercedes-Benz T\u00fcrk A.\u015e.<\/th>\n<td>Aksaray<\/td>\n<\/tr>\n<tr>\n<th>Mercedes-Benz T\u00fcrk A.\u015e.<\/th>\n<td>Davutpa\u015fa \/ \u0130stanbul<\/td>\n<\/tr>\n<tr>\n<th>Ford Otosan A.\u015e.<\/th>\n<td>G\u00f6lc\u00fck \/ Kocaeli<\/td>\n<\/tr>\n<tr>\n<th>Eisenmann Masch. KG \/ Ford Otosan A.\u015e.<\/th>\n<td>G\u00f6lc\u00fck \/ Kocaeli<\/td>\n<\/tr>\n<tr>\n<th>MAN T\u00fcrkiye A.\u015e.<\/th>\n<td>Akyurt \/ Ankara<\/td>\n<\/tr>\n<tr>\n<th>Jantsa Jant San. A.\u015e.<\/th>\n<td>Umurlu \/ Ayd\u0131n<\/td>\n<\/tr>\n<tr>\n<th>Assan Al\u00fcminyum A.\u015e.<\/th>\n<td>Tuzla \/ \u0130stanbul<\/td>\n<\/tr>\n<tr>\n<th>Panda Al\u00fcminyum A.\u015e.<\/th>\n<td>D\u00fczce<\/td>\n<\/tr>\n<tr>\n<th>Panda Al\u00fcminyum A.\u015e.<\/th>\n<td>Kazan \/ Ankara<\/td>\n<\/tr>\n<tr>\n<th>Pamukkale Al\u00fcminyum<\/th>\n<td>Denizli<\/td>\n<\/tr>\n<tr>\n<th>Teknik Al\u00fcminyum San. A.\u015e.<\/th>\n<td>\u00c7orlu<\/td>\n<\/tr>\n<tr>\n<th>Cihan Metal End\u00fcstri A.\u015e.<\/th>\n<td>\u015eekerp\u0131nar \/ Gebze<\/td>\n<\/tr>\n<tr>\n<th>Asa\u015f Al\u00fcminyum A.\u015e.<\/th>\n<td>Akyaz\u0131 \/ Sakarya<\/td>\n<\/tr>\n<tr>\n<th>PMS Metal Profil Al\u00fcminyum A.\u015e.<\/th>\n<td>Bursa<\/td>\n<\/tr>\n<tr>\n<th>\u0130spak Esnek Ambalaj San. A.\u015e.<\/th>\n<td>Tuzla \/ \u0130stanbul<\/td>\n<\/tr>\n<tr>\n<th>Naksan Plastik ve Enerji A.\u015e.<\/th>\n<td>Gaziantep<\/td>\n<\/tr>\n<tr>\n<th>Rotopak Matbaac\u0131l\u0131k A.\u015e.<\/th>\n<td>Tepe\u00f6ren \/ \u0130stanbul<\/td>\n<\/tr>\n<tr>\n<th>Ecoplast Plastik Ambalaj A.\u015e.<\/th>\n<td>Gaziantep<\/td>\n<\/tr>\n<tr>\n<th>BSH Ev Aletleri A.\u015e.<\/th>\n<td>\u00c7erkezk\u00f6y \/ Tekirda\u011f<\/td>\n<\/tr>\n<tr>\n<th>Bufer-Legrand Elektrik A.\u015e.<\/th>\n<td>Gebze \/ Kocaeli<\/td>\n<\/tr>\n<tr>\n<th>Eczac\u0131ba\u015f\u0131 Yap\u0131 Gere\u00e7leri (Vitra K\u00fcvet)<\/th>\n<td>\u015eekerp\u0131nar \/ Gebze<\/td>\n<\/tr>\n<tr>\n<th>\u0130spak Esnek Ambalaj San. A.\u015e.<\/th>\n<td>\u0130zmit<\/td>\n<\/tr>\n<tr>\n<th>Assan Al\u00fcminyum A.\u015e.<\/th>\n<td>Dilovas\u0131 \/ Gebze<\/td>\n<\/tr>\n<tr>\n<th>Lidersan Sa\u011fl\u0131k ve G\u0131da \u00dcr\u00fcnleri A.\u015e.<\/th>\n<td>Gaziantep<\/td>\n<\/tr>\n<tr>\n<th>Almesan Al\u00fcminyum A.\u015e.<\/th>\n<td>Kartepe \/ \u0130zmit<\/td>\n<\/tr>\n<tr>\n<th>Ecoplast Plastik Ambalaj A.\u015e.<\/th>\n<td>Mustafakemalpa\u015fa \/ Bursa<\/td>\n<\/tr>\n<tr>\n<th>Saray Al\u00fcminyum A.\u015e<\/th>\n<td>\u00c7erkezk\u00f6y \/ Tekirda\u011f<\/td>\n<\/tr>\n<\/tbody>\n<\/table>\n<\/div>\n","protected":false},"excerpt":{"rendered":"<p>Baz\u0131 Referanslar\u0131m\u0131z Mercedes-Benz T\u00fcrk A.\u015e. Ho\u015fdere \/ \u0130stanbul D\u00fcrr AG \/ Mercedes-Benz T\u00fcrk A.\u015e. Ho\u015fdere \/ \u0130stanbul Mercedes-Benz T\u00fcrk A.\u015e. Aksaray D\u00fcrr AG \/ Mercedes-Benz T\u00fcrk A.\u015e. Aksaray Sturm Gruppe \/ Mercedes-Benz T\u00fcrk A.\u015e. Aksaray Mercedes-Benz T\u00fcrk A.\u015e. Davutpa\u015fa \/ \u0130stanbul Ford Otosan A.\u015e. G\u00f6lc\u00fck \/ Kocaeli Eisenmann Masch. KG \/ Ford Otosan A.\u015e. G\u00f6lc\u00fck \/ Kocaeli MAN T\u00fcrkiye A.\u015e. Akyurt \/ Ankara Jantsa Jant San. A.\u015e. Umurlu \/ Ayd\u0131n Assan Al\u00fcminyum A.\u015e. Tuzla \/ \u0130stanbul Panda Al\u00fcminyum A.\u015e. D\u00fczce Panda Al\u00fcminyum A.\u015e. Kazan \/ Ankara Pamukkale Al\u00fcminyum Denizli Teknik Al\u00fcminyum San. A.\u015e. \u00c7orlu Cihan Metal End\u00fcstri A.\u015e. \u015eekerp\u0131nar \/ Gebze Asa\u015f Al\u00fcminyum A.\u015e. Akyaz\u0131 \/ Sakarya PMS Metal Profil Al\u00fcminyum A.\u015e. Bursa \u0130spak Esnek Ambalaj San. A.\u015e. Tuzla \/ \u0130stanbul Naksan Plastik ve Enerji A.\u015e. Gaziantep Rotopak Matbaac\u0131l\u0131k A.\u015e. Tepe\u00f6ren \/ \u0130stanbul Ecoplast Plastik Ambalaj A.\u015e. Gaziantep BSH Ev&nbsp;<a href=\"http:\/\/www.dekateknik.com\/?page_id=55\" class=\"read-more\">Continue Reading<\/a><\/p>\n","protected":false},"author":1,"featured_media":0,"parent":0,"menu_order":0,"comment_status":"open","ping_status":"open","template":"page-fullwidth.php","meta":[],"_links":{"self":[{"href":"http:\/\/www.dekateknik.com\/index.php?rest_route=\/wp\/v2\/pages\/55"}],"collection":[{"href":"http:\/\/www.dekateknik.com\/index.php?rest_route=\/wp\/v2\/pages"}],"about":[{"href":"http:\/\/www.dekateknik.com\/index.php?rest_route=\/wp\/v2\/types\/page"}],"author":[{"embeddable":true,"href":"http:\/\/www.dekateknik.com\/index.php?rest_route=\/wp\/v2\/users\/1"}],"replies":[{"embeddable":true,"href":"http:\/\/www.dekateknik.com\/index.php?rest_route=%2Fwp%2Fv2%2Fcomments&post=55"}],"version-history":[{"count":13,"href":"http:\/\/www.dekateknik.com\/index.php?rest_route=\/wp\/v2\/pages\/55\/revisions"}],"predecessor-version":[{"id":336,"href":"http:\/\/www.dekateknik.com\/index.php?rest_route=\/wp\/v2\/pages\/55\/revisions\/336"}],"wp:attachment":[{"href":"http:\/\/www.dekateknik.com\/index.php?rest_route=%2Fwp%2Fv2%2Fmedia&parent=55"}],"curies":[{"name":"wp","href":"https:\/\/api.w.org\/{rel}","templated":true}]}}