{"id":53,"date":"2014-09-13T12:18:02","date_gmt":"2014-09-13T09:18:02","guid":{"rendered":"http:\/\/localhost\/wordpress\/?page_id=53"},"modified":"2017-11-02T12:17:55","modified_gmt":"2017-11-02T09:17:55","slug":"hizmetler","status":"publish","type":"page","link":"http:\/\/www.dekateknik.com\/?page_id=53","title":{"rendered":"Hizmetler"},"content":{"rendered":"<div class=\"grid_12\">\n<h2>Hizmetler<\/h2>\n<p><img loading=\"lazy\" class=\"alignleft wp-image-152 size-full\" src=\"http:\/\/www.dekateknik.com\/wp-content\/uploads\/2014\/09\/hizmetler.jpg\" alt=\"hizmet\" width=\"300\" height=\"526\" \/><\/p>\n<ul class=\"service-ul\" style=\"float: left; margin-left: 40px; width: 570px;\">\n<li>Sahada yang\u0131n risk analizi<\/li>\n<li>M\u00fc\u015fteri odakl\u0131, standartlara uygun sistem dizayn\u0131 ve Anahtar teslimi kurulumu<\/li>\n<li>Gaz\/Su hidrolik hesap ve analizi<\/li>\n<li>Elektrik\/Mekanik projelendirme<\/li>\n<li>Malzeme ve yedek par\u00e7a temini<\/li>\n<li>Elektrik\/Mekanik montaj<\/li>\n<li>Elektrik\/Mekanik montaj s\u00fcpervizyonu<\/li>\n<li>\u0130\u015fletmeye alma ve sistem e\u011fitimi<\/li>\n<li>Kontratl\u0131 periyodik bak\u0131m, fonksiyon testleri ve kullan\u0131c\u0131lara y\u00f6nelik tatbikatl\u0131 e\u011fitim<\/li>\n<li>Sat\u0131\u015f sonras\u0131 servis<\/li>\n<\/ul>\n<\/div>\n","protected":false},"excerpt":{"rendered":"<p>Hizmetler Sahada yang\u0131n risk analizi M\u00fc\u015fteri odakl\u0131, standartlara uygun sistem dizayn\u0131 ve Anahtar teslimi kurulumu Gaz\/Su hidrolik hesap ve analizi Elektrik\/Mekanik projelendirme Malzeme ve yedek par\u00e7a temini Elektrik\/Mekanik montaj Elektrik\/Mekanik montaj s\u00fcpervizyonu \u0130\u015fletmeye alma ve sistem e\u011fitimi Kontratl\u0131 periyodik bak\u0131m, fonksiyon testleri ve kullan\u0131c\u0131lara y\u00f6nelik tatbikatl\u0131 e\u011fitim Sat\u0131\u015f sonras\u0131 servis<\/p>\n","protected":false},"author":1,"featured_media":0,"parent":0,"menu_order":0,"comment_status":"open","ping_status":"open","template":"page-fullwidth.php","meta":[],"_links":{"self":[{"href":"http:\/\/www.dekateknik.com\/index.php?rest_route=\/wp\/v2\/pages\/53"}],"collection":[{"href":"http:\/\/www.dekateknik.com\/index.php?rest_route=\/wp\/v2\/pages"}],"about":[{"href":"http:\/\/www.dekateknik.com\/index.php?rest_route=\/wp\/v2\/types\/page"}],"author":[{"embeddable":true,"href":"http:\/\/www.dekateknik.com\/index.php?rest_route=\/wp\/v2\/users\/1"}],"replies":[{"embeddable":true,"href":"http:\/\/www.dekateknik.com\/index.php?rest_route=%2Fwp%2Fv2%2Fcomments&post=53"}],"version-history":[{"count":13,"href":"http:\/\/www.dekateknik.com\/index.php?rest_route=\/wp\/v2\/pages\/53\/revisions"}],"predecessor-version":[{"id":319,"href":"http:\/\/www.dekateknik.com\/index.php?rest_route=\/wp\/v2\/pages\/53\/revisions\/319"}],"wp:attachment":[{"href":"http:\/\/www.dekateknik.com\/index.php?rest_route=%2Fwp%2Fv2%2Fmedia&parent=53"}],"curies":[{"name":"wp","href":"https:\/\/api.w.org\/{rel}","templated":true}]}}