{"id":22,"date":"2014-09-11T04:21:47","date_gmt":"2014-09-11T01:21:47","guid":{"rendered":"http:\/\/localhost\/wordpress\/?page_id=22"},"modified":"2026-03-11T10:33:56","modified_gmt":"2026-03-11T07:33:56","slug":"iletisim","status":"publish","type":"page","link":"http:\/\/www.dekateknik.com\/?page_id=22","title":{"rendered":"\u0130leti\u015fim"},"content":{"rendered":"<div class=\"grid_7\">\n<h2>\u0130leti\u015fim Bilgileri<\/h2>\n<p>Cumhuriyet Mah. G\u00fcm\u00fc\u015f Sk. 5\/24 \u00c7ay\u0131rova &#8211; Kocaeli<\/p>\n<dl class=\"address\">\n<dd>GSM(1) : 0533 658 24 01<\/p>\n<p>GSM(2) : 0532 572 12 61<\/p>\n<p>E-Mail : <a href=\"mailto:deka@dekateknik.com\">deka@dekateknik.com<\/a><\/dd>\n<\/dl>\n<\/div>\n<div class=\"grid_5 \">\n<h2>\u0130leti\u015fim Formu<\/h2>\n<div role=\"form\" class=\"wpcf7\" id=\"wpcf7-f81-o1\" lang=\"tr-TR\" dir=\"ltr\">\n<div class=\"screen-reader-response\"><p role=\"status\" aria-live=\"polite\" aria-atomic=\"true\"><\/p> <ul><\/ul><\/div>\n<form action=\"\/index.php?rest_route=%2Fwp%2Fv2%2Fpages%2F22#wpcf7-f81-o1\" method=\"post\" class=\"wpcf7-form init\" novalidate=\"novalidate\" data-status=\"init\">\n<div style=\"display: none;\">\n<input type=\"hidden\" name=\"_wpcf7\" value=\"81\" \/>\n<input type=\"hidden\" name=\"_wpcf7_version\" value=\"5.4.2\" \/>\n<input type=\"hidden\" name=\"_wpcf7_locale\" value=\"tr_TR\" \/>\n<input type=\"hidden\" name=\"_wpcf7_unit_tag\" value=\"wpcf7-f81-o1\" \/>\n<input type=\"hidden\" name=\"_wpcf7_container_post\" value=\"0\" \/>\n<input type=\"hidden\" name=\"_wpcf7_posted_data_hash\" value=\"\" \/>\n<\/div>\n<p class=\"field\"><label>\u0130sim: <small>*<\/small><\/label><span class=\"wpcf7-form-control-wrap your-name\"><input type=\"text\" name=\"your-name\" value=\"\" size=\"40\" class=\"wpcf7-form-control wpcf7-text wpcf7-validates-as-required\" aria-required=\"true\" aria-invalid=\"false\" \/><\/span><\/p>\n<p class=\"field\"><label>Eposta: <small>*<\/small><\/label><span class=\"wpcf7-form-control-wrap your-email\"><input type=\"email\" name=\"your-email\" value=\"\" size=\"40\" class=\"wpcf7-form-control wpcf7-text wpcf7-email wpcf7-validates-as-required wpcf7-validates-as-email\" aria-required=\"true\" aria-invalid=\"false\" \/><\/span><\/p>\n<p class=\"field\"><label>Konu: <small>*<\/small><\/label><span class=\"wpcf7-form-control-wrap your-subject\"><input type=\"text\" name=\"your-subject\" value=\"\" size=\"40\" class=\"wpcf7-form-control wpcf7-text wpcf7-validates-as-required\" aria-required=\"true\" aria-invalid=\"false\" \/><\/span><\/p>\n<p class=\"field\"><label>\u0130letiniz: <small>*<\/small><\/label><span class=\"wpcf7-form-control-wrap your-message\"><textarea name=\"your-message\" cols=\"40\" rows=\"10\" class=\"wpcf7-form-control wpcf7-textarea wpcf7-validates-as-required\" aria-required=\"true\" aria-invalid=\"false\"><\/textarea><\/span><\/p>\n<p class=\"submit-wrap\"><input type=\"reset\" value=\"Temizle\"><input type=\"submit\" value=\"G\u00f6nder\" class=\"wpcf7-form-control wpcf7-submit\" \/><\/p>\n<div class=\"wpcf7-response-output\" aria-hidden=\"true\"><\/div><\/form><\/div>\n<\/div>\n<div class=\"clear\">&nbsp;<\/div>\n","protected":false},"excerpt":{"rendered":"<p>\u0130leti\u015fim Bilgileri Cumhuriyet Mah. G\u00fcm\u00fc\u015f Sk. 5\/24 \u00c7ay\u0131rova &#8211; Kocaeli GSM(1) : 0533 658 24 01 GSM(2) : 0532 572 12 61 E-Mail : deka@dekateknik.com \u0130leti\u015fim Formu &nbsp;<\/p>\n","protected":false},"author":1,"featured_media":0,"parent":0,"menu_order":0,"comment_status":"open","ping_status":"open","template":"page-fullwidth.php","meta":[],"_links":{"self":[{"href":"http:\/\/www.dekateknik.com\/index.php?rest_route=\/wp\/v2\/pages\/22"}],"collection":[{"href":"http:\/\/www.dekateknik.com\/index.php?rest_route=\/wp\/v2\/pages"}],"about":[{"href":"http:\/\/www.dekateknik.com\/index.php?rest_route=\/wp\/v2\/types\/page"}],"author":[{"embeddable":true,"href":"http:\/\/www.dekateknik.com\/index.php?rest_route=\/wp\/v2\/users\/1"}],"replies":[{"embeddable":true,"href":"http:\/\/www.dekateknik.com\/index.php?rest_route=%2Fwp%2Fv2%2Fcomments&post=22"}],"version-history":[{"count":31,"href":"http:\/\/www.dekateknik.com\/index.php?rest_route=\/wp\/v2\/pages\/22\/revisions"}],"predecessor-version":[{"id":344,"href":"http:\/\/www.dekateknik.com\/index.php?rest_route=\/wp\/v2\/pages\/22\/revisions\/344"}],"wp:attachment":[{"href":"http:\/\/www.dekateknik.com\/index.php?rest_route=%2Fwp%2Fv2%2Fmedia&parent=22"}],"curies":[{"name":"wp","href":"https:\/\/api.w.org\/{rel}","templated":true}]}}