{"id":18,"date":"2014-09-11T04:21:08","date_gmt":"2014-09-11T01:21:08","guid":{"rendered":"http:\/\/localhost\/wordpress\/?page_id=18"},"modified":"2017-11-02T12:17:12","modified_gmt":"2017-11-02T09:17:12","slug":"hakkimizda","status":"publish","type":"page","link":"http:\/\/www.dekateknik.com\/?page_id=18","title":{"rendered":"Hakk\u0131m\u0131zda"},"content":{"rendered":"<div class=\"grid_12\">\n<h2>Hakk\u0131m\u0131zda<\/h2>\n<p><img loading=\"lazy\" class=\"alignleft wp-image-100\" title=\"\u0130ster su ol\" src=\"http:\/\/www.dekateknik.com\/wp-content\/uploads\/2014\/09\/shutterstock_29474611.jpg\" alt=\"emea_product\" width=\"320\" height=\"215\" \/><\/p>\n<p style=\"font-size: 24px; line-height: 38px;\"><strong>Firmam\u0131z DEKA Teknik;<\/strong><br \/>\nTyco\/Fire&amp;Security &#8211; TOTAL WALTHER Almanya firmas\u0131n\u0131n T\u00fcrkiye Distrib\u00fct\u00f6r\u00fc olup, t\u00fcm \u00f6zellikli sistem \u00e7\u00f6z\u00fcmlerini, TOTAL WALTHER&#8217;in deneyimli yang\u0131n ve sistem m\u00fchendisleri ile ortak \u00e7al\u0131\u015farak, standartlardan taviz vermeden \u00fcretmektedir.<\/p>\n<p><img loading=\"lazy\" class=\"alignright wp-image-99\" title=\"\u0130ster ate\u015f\" src=\"http:\/\/www.dekateknik.com\/wp-content\/uploads\/2014\/09\/flame-flare.jpg\" alt=\"015316 PG6AS\" width=\"320\" height=\"212\" \/><\/p>\n<p style=\"font-size: 24px; line-height: 38px;\"><strong>Firmam\u0131z DEKA Teknik;<\/strong><br \/>\n25 y\u0131l\u0131 a\u015fk\u0131n deneyime sahip kadrosu ile, m\u00fc\u015fteri odakl\u0131 ve m\u00fchendislik a\u011f\u0131rl\u0131kl\u0131 sistem \u00e7\u00f6z\u00fcmlerini \u00fcretip anahtar teslimi kurulumunu ger\u00e7ekle\u015ftirmektedir.<\/p>\n<p>&nbsp;<\/p>\n<p><img loading=\"lazy\" class=\"alignleft wp-image-111\" title=\"Yeter ki faydal\u0131 ol\" src=\"http:\/\/www.dekateknik.com\/wp-content\/uploads\/2014\/09\/shutterstock_26434024.jpg\" alt=\"fire\" width=\"320\" height=\"240\" \/><\/p>\n<p style=\"font-size: 24px; line-height: 38px; padding-left: 350px;\"><strong>Firmam\u0131z DEKA Teknik;<\/strong><br \/>\nSistemlerin hayatiyetinin ve fonksiyonlar\u0131n\u0131n s\u00fcreklili\u011fini sa\u011flamak i\u00e7in, sat\u0131\u015f sonras\u0131 periyodik bak\u0131m ve servis hizmeti vermekte olup, kullan\u0131c\u0131lar\u0131n bilgilerini g\u00fcncellemek ve prati\u011fe d\u00f6n\u00fc\u015ft\u00fcrmek amac\u0131 ile tatbikatl\u0131 e\u011fitim de vermektedir.<\/p>\n<p style=\"font-size: 24px; line-height: 38px; text-align: center; font-weight: bold;\">M\u00fc\u015fteri memnuniyeti ve \u00fcretime katk\u0131 esast\u0131r.<\/p>\n<\/div>\n","protected":false},"excerpt":{"rendered":"<p>Hakk\u0131m\u0131zda Firmam\u0131z DEKA Teknik; Tyco\/Fire&amp;Security &#8211; TOTAL WALTHER Almanya firmas\u0131n\u0131n T\u00fcrkiye Distrib\u00fct\u00f6r\u00fc olup, t\u00fcm \u00f6zellikli sistem \u00e7\u00f6z\u00fcmlerini, TOTAL WALTHER&#8217;in deneyimli yang\u0131n ve sistem m\u00fchendisleri ile ortak \u00e7al\u0131\u015farak, standartlardan taviz vermeden \u00fcretmektedir. Firmam\u0131z DEKA Teknik; 25 y\u0131l\u0131 a\u015fk\u0131n deneyime sahip kadrosu ile, m\u00fc\u015fteri odakl\u0131 ve m\u00fchendislik a\u011f\u0131rl\u0131kl\u0131 sistem \u00e7\u00f6z\u00fcmlerini \u00fcretip anahtar teslimi kurulumunu ger\u00e7ekle\u015ftirmektedir. &nbsp; Firmam\u0131z DEKA Teknik; Sistemlerin hayatiyetinin ve fonksiyonlar\u0131n\u0131n s\u00fcreklili\u011fini sa\u011flamak i\u00e7in, sat\u0131\u015f sonras\u0131 periyodik bak\u0131m ve servis hizmeti vermekte olup, kullan\u0131c\u0131lar\u0131n bilgilerini g\u00fcncellemek ve prati\u011fe d\u00f6n\u00fc\u015ft\u00fcrmek amac\u0131 ile tatbikatl\u0131 e\u011fitim de vermektedir. M\u00fc\u015fteri memnuniyeti ve \u00fcretime katk\u0131 esast\u0131r.<\/p>\n","protected":false},"author":1,"featured_media":0,"parent":0,"menu_order":0,"comment_status":"open","ping_status":"open","template":"page-fullwidth.php","meta":[],"_links":{"self":[{"href":"http:\/\/www.dekateknik.com\/index.php?rest_route=\/wp\/v2\/pages\/18"}],"collection":[{"href":"http:\/\/www.dekateknik.com\/index.php?rest_route=\/wp\/v2\/pages"}],"about":[{"href":"http:\/\/www.dekateknik.com\/index.php?rest_route=\/wp\/v2\/types\/page"}],"author":[{"embeddable":true,"href":"http:\/\/www.dekateknik.com\/index.php?rest_route=\/wp\/v2\/users\/1"}],"replies":[{"embeddable":true,"href":"http:\/\/www.dekateknik.com\/index.php?rest_route=%2Fwp%2Fv2%2Fcomments&post=18"}],"version-history":[{"count":33,"href":"http:\/\/www.dekateknik.com\/index.php?rest_route=\/wp\/v2\/pages\/18\/revisions"}],"predecessor-version":[{"id":318,"href":"http:\/\/www.dekateknik.com\/index.php?rest_route=\/wp\/v2\/pages\/18\/revisions\/318"}],"wp:attachment":[{"href":"http:\/\/www.dekateknik.com\/index.php?rest_route=%2Fwp%2Fv2%2Fmedia&parent=18"}],"curies":[{"name":"wp","href":"https:\/\/api.w.org\/{rel}","templated":true}]}}